{"id":2229,"date":"2021-01-12T09:46:23","date_gmt":"2021-01-12T08:46:23","guid":{"rendered":"https:\/\/www.emsplace.eu\/?page_id=2229"},"modified":"2022-06-30T13:38:06","modified_gmt":"2022-06-30T11:38:06","slug":"privacy-and-cookie-policy","status":"publish","type":"page","link":"https:\/\/www.emsplace.eu\/en\/politika-zasebnosti-in-piskotkov\/","title":{"rendered":"Privacy and cookie policy"},"content":{"rendered":"<a id=\"tehnologija_informacije\"><\/a>","protected":false},"excerpt":{"rendered":"","protected":false},"author":3,"featured_media":0,"parent":0,"menu_order":0,"comment_status":"closed","ping_status":"closed","template":"","meta":{"site-sidebar-layout":"no-sidebar","site-content-layout":"page-builder","ast-site-content-layout":"default","site-content-style":"default","site-sidebar-style":"default","ast-global-header-display":"","ast-banner-title-visibility":"","ast-main-header-display":"","ast-hfb-above-header-display":"","ast-hfb-below-header-display":"","ast-hfb-mobile-header-display":"","site-post-title":"disabled","ast-breadcrumbs-content":"disabled","ast-featured-img":"disabled","footer-sml-layout":"","ast-disable-related-posts":"","theme-transparent-header-meta":"default","adv-header-id-meta":"","stick-header-meta":"","header-above-stick-meta":"","header-main-stick-meta":"","header-below-stick-meta":"","astra-migrate-meta-layouts":"default","ast-page-background-enabled":"default","ast-page-background-meta":{"desktop":{"background-color":"","background-image":"","background-repeat":"repeat","background-position":"center center","background-size":"auto","background-attachment":"scroll","background-type":"","background-media":"","overlay-type":"","overlay-color":"","overlay-opacity":"","overlay-gradient":""},"tablet":{"background-color":"","background-image":"","background-repeat":"repeat","background-position":"center center","background-size":"auto","background-attachment":"scroll","background-type":"","background-media":"","overlay-type":"","overlay-color":"","overlay-opacity":"","overlay-gradient":""},"mobile":{"background-color":"","background-image":"","background-repeat":"repeat","background-position":"center center","background-size":"auto","background-attachment":"scroll","background-type":"","background-media":"","overlay-type":"","overlay-color":"","overlay-opacity":"","overlay-gradient":""}},"ast-content-background-meta":{"desktop":{"background-color":"var(--ast-global-color-5)","background-image":"","background-repeat":"repeat","background-position":"center center","background-size":"auto","background-attachment":"scroll","background-type":"","background-media":"","overlay-type":"","overlay-color":"","overlay-opacity":"","overlay-gradient":""},"tablet":{"background-color":"var(--ast-global-color-5)","background-image":"","background-repeat":"repeat","background-position":"center center","background-size":"auto","background-attachment":"scroll","background-type":"","background-media":"","overlay-type":"","overlay-color":"","overlay-opacity":"","overlay-gradient":""},"mobile":{"background-color":"var(--ast-global-color-5)","background-image":"","background-repeat":"repeat","background-position":"center center","background-size":"auto","background-attachment":"scroll","background-type":"","background-media":"","overlay-type":"","overlay-color":"","overlay-opacity":"","overlay-gradient":""}},"footnotes":""},"class_list":["post-2229","page","type-page","status-publish","hentry"],"yoast_head":"<!-- This site is optimized with the Yoast SEO plugin v27.4 - https:\/\/yoast.com\/product\/yoast-seo-wordpress\/ -->\n<title>EMSplace - Politika zasebnosti in pi\u0161kotkov<\/title>\n<meta name=\"description\" content=\"O politiki zasebnosti in pi\u0161kotkov. Pi\u0161kotke uporabljamo za zagotavljanje najbolj\u0161e uporabni\u0161ke izku\u0161nje in spremljanje statistike obiska...\" \/>\n<meta name=\"robots\" content=\"index, follow, max-snippet:-1, max-image-preview:large, max-video-preview:-1\" \/>\n<link rel=\"canonical\" href=\"https:\/\/www.emsplace.eu\/en\/privacy-and-cookie-policy\/\" \/>\n<meta property=\"og:locale\" content=\"en_GB\" \/>\n<meta property=\"og:type\" content=\"article\" \/>\n<meta property=\"og:title\" content=\"EMSplace - Politika zasebnosti in pi\u0161kotkov\" \/>\n<meta property=\"og:description\" content=\"O politiki zasebnosti in pi\u0161kotkov. Pi\u0161kotke uporabljamo za zagotavljanje najbolj\u0161e uporabni\u0161ke izku\u0161nje in spremljanje statistike obiska...\" \/>\n<meta property=\"og:url\" content=\"https:\/\/www.emsplace.eu\/en\/privacy-and-cookie-policy\/\" \/>\n<meta property=\"og:site_name\" content=\"emsplace.eu\" \/>\n<meta property=\"article:modified_time\" content=\"2022-06-30T11:38:06+00:00\" \/>\n<meta name=\"twitter:card\" content=\"summary_large_image\" \/>\n<meta name=\"twitter:label1\" content=\"Estimated reading time\" \/>\n\t<meta name=\"twitter:data1\" content=\"24 minutes\" \/>\n<script type=\"application\/ld+json\" class=\"yoast-schema-graph\">{\"@context\":\"https:\\\/\\\/schema.org\",\"@graph\":[{\"@type\":\"WebPage\",\"@id\":\"https:\\\/\\\/www.emsplace.eu\\\/politika-zasebnosti-in-piskotkov\\\/\",\"url\":\"https:\\\/\\\/www.emsplace.eu\\\/politika-zasebnosti-in-piskotkov\\\/\",\"name\":\"EMSplace - Politika zasebnosti in pi\u0161kotkov\",\"isPartOf\":{\"@id\":\"https:\\\/\\\/www.emsplace.eu\\\/#website\"},\"datePublished\":\"2021-01-12T08:46:23+00:00\",\"dateModified\":\"2022-06-30T11:38:06+00:00\",\"description\":\"O politiki zasebnosti in pi\u0161kotkov. Pi\u0161kotke uporabljamo za zagotavljanje najbolj\u0161e uporabni\u0161ke izku\u0161nje in spremljanje statistike obiska...\",\"breadcrumb\":{\"@id\":\"https:\\\/\\\/www.emsplace.eu\\\/politika-zasebnosti-in-piskotkov\\\/#breadcrumb\"},\"inLanguage\":\"en-GB\",\"potentialAction\":[{\"@type\":\"ReadAction\",\"target\":[\"https:\\\/\\\/www.emsplace.eu\\\/politika-zasebnosti-in-piskotkov\\\/\"]}]},{\"@type\":\"BreadcrumbList\",\"@id\":\"https:\\\/\\\/www.emsplace.eu\\\/politika-zasebnosti-in-piskotkov\\\/#breadcrumb\",\"itemListElement\":[{\"@type\":\"ListItem\",\"position\":1,\"name\":\"Home\",\"item\":\"https:\\\/\\\/www.emsplace.eu\\\/en\\\/\"},{\"@type\":\"ListItem\",\"position\":2,\"name\":\"Politika zasebnosti in pi\u0161kotkov\"}]},{\"@type\":\"WebSite\",\"@id\":\"https:\\\/\\\/www.emsplace.eu\\\/#website\",\"url\":\"https:\\\/\\\/www.emsplace.eu\\\/\",\"name\":\"emsplace.eu\",\"description\":\"\",\"publisher\":{\"@id\":\"https:\\\/\\\/www.emsplace.eu\\\/#organization\"},\"potentialAction\":[{\"@type\":\"SearchAction\",\"target\":{\"@type\":\"EntryPoint\",\"urlTemplate\":\"https:\\\/\\\/www.emsplace.eu\\\/?s={search_term_string}\"},\"query-input\":{\"@type\":\"PropertyValueSpecification\",\"valueRequired\":true,\"valueName\":\"search_term_string\"}}],\"inLanguage\":\"en-GB\"},{\"@type\":\"Organization\",\"@id\":\"https:\\\/\\\/www.emsplace.eu\\\/#organization\",\"name\":\"emsplace.eu\",\"url\":\"https:\\\/\\\/www.emsplace.eu\\\/\",\"logo\":{\"@type\":\"ImageObject\",\"inLanguage\":\"en-GB\",\"@id\":\"https:\\\/\\\/www.emsplace.eu\\\/#\\\/schema\\\/logo\\\/image\\\/\",\"url\":\"https:\\\/\\\/www.emsplace.eu\\\/wp-content\\\/uploads\\\/2020\\\/09\\\/emsplace-white.png\",\"contentUrl\":\"https:\\\/\\\/www.emsplace.eu\\\/wp-content\\\/uploads\\\/2020\\\/09\\\/emsplace-white.png\",\"width\":800,\"height\":443,\"caption\":\"emsplace.eu\"},\"image\":{\"@id\":\"https:\\\/\\\/www.emsplace.eu\\\/#\\\/schema\\\/logo\\\/image\\\/\"}}]}<\/script>\n<!-- \/ Yoast SEO plugin. -->","yoast_head_json":{"title":"EMSplace - Politika zasebnosti in pi\u0161kotkov","description":"O politiki zasebnosti in pi\u0161kotkov. Pi\u0161kotke uporabljamo za zagotavljanje najbolj\u0161e uporabni\u0161ke izku\u0161nje in spremljanje statistike obiska...","robots":{"index":"index","follow":"follow","max-snippet":"max-snippet:-1","max-image-preview":"max-image-preview:large","max-video-preview":"max-video-preview:-1"},"canonical":"https:\/\/www.emsplace.eu\/en\/privacy-and-cookie-policy\/","og_locale":"en_GB","og_type":"article","og_title":"EMSplace - Politika zasebnosti in pi\u0161kotkov","og_description":"O politiki zasebnosti in pi\u0161kotkov. Pi\u0161kotke uporabljamo za zagotavljanje najbolj\u0161e uporabni\u0161ke izku\u0161nje in spremljanje statistike obiska...","og_url":"https:\/\/www.emsplace.eu\/en\/privacy-and-cookie-policy\/","og_site_name":"emsplace.eu","article_modified_time":"2022-06-30T11:38:06+00:00","twitter_card":"summary_large_image","twitter_misc":{"Estimated reading time":"24 minutes"},"schema":{"@context":"https:\/\/schema.org","@graph":[{"@type":"WebPage","@id":"https:\/\/www.emsplace.eu\/politika-zasebnosti-in-piskotkov\/","url":"https:\/\/www.emsplace.eu\/politika-zasebnosti-in-piskotkov\/","name":"EMSplace - Politika zasebnosti in pi\u0161kotkov","isPartOf":{"@id":"https:\/\/www.emsplace.eu\/#website"},"datePublished":"2021-01-12T08:46:23+00:00","dateModified":"2022-06-30T11:38:06+00:00","description":"O politiki zasebnosti in pi\u0161kotkov. Pi\u0161kotke uporabljamo za zagotavljanje najbolj\u0161e uporabni\u0161ke izku\u0161nje in spremljanje statistike obiska...","breadcrumb":{"@id":"https:\/\/www.emsplace.eu\/politika-zasebnosti-in-piskotkov\/#breadcrumb"},"inLanguage":"en-GB","potentialAction":[{"@type":"ReadAction","target":["https:\/\/www.emsplace.eu\/politika-zasebnosti-in-piskotkov\/"]}]},{"@type":"BreadcrumbList","@id":"https:\/\/www.emsplace.eu\/politika-zasebnosti-in-piskotkov\/#breadcrumb","itemListElement":[{"@type":"ListItem","position":1,"name":"Home","item":"https:\/\/www.emsplace.eu\/en\/"},{"@type":"ListItem","position":2,"name":"Politika zasebnosti in pi\u0161kotkov"}]},{"@type":"WebSite","@id":"https:\/\/www.emsplace.eu\/#website","url":"https:\/\/www.emsplace.eu\/","name":"emsplace.eu\/en","description":"","publisher":{"@id":"https:\/\/www.emsplace.eu\/#organization"},"potentialAction":[{"@type":"SearchAction","target":{"@type":"EntryPoint","urlTemplate":"https:\/\/www.emsplace.eu\/?s={search_term_string}"},"query-input":{"@type":"PropertyValueSpecification","valueRequired":true,"valueName":"search_term_string"}}],"inLanguage":"en-GB"},{"@type":"Organization","@id":"https:\/\/www.emsplace.eu\/#organization","name":"emsplace.eu\/en","url":"https:\/\/www.emsplace.eu\/","logo":{"@type":"ImageObject","inLanguage":"en-GB","@id":"https:\/\/www.emsplace.eu\/#\/schema\/logo\/image\/","url":"https:\/\/www.emsplace.eu\/wp-content\/uploads\/2020\/09\/emsplace-white.png","contentUrl":"https:\/\/www.emsplace.eu\/wp-content\/uploads\/2020\/09\/emsplace-white.png","width":800,"height":443,"caption":"emsplace.eu"},"image":{"@id":"https:\/\/www.emsplace.eu\/#\/schema\/logo\/image\/"}}]}},"_links":{"self":[{"href":"https:\/\/www.emsplace.eu\/en\/wp-json\/wp\/v2\/pages\/2229","targetHints":{"allow":["GET"]}}],"collection":[{"href":"https:\/\/www.emsplace.eu\/en\/wp-json\/wp\/v2\/pages"}],"about":[{"href":"https:\/\/www.emsplace.eu\/en\/wp-json\/wp\/v2\/types\/page"}],"author":[{"embeddable":true,"href":"https:\/\/www.emsplace.eu\/en\/wp-json\/wp\/v2\/users\/3"}],"replies":[{"embeddable":true,"href":"https:\/\/www.emsplace.eu\/en\/wp-json\/wp\/v2\/comments?post=2229"}],"version-history":[{"count":5,"href":"https:\/\/www.emsplace.eu\/en\/wp-json\/wp\/v2\/pages\/2229\/revisions"}],"predecessor-version":[{"id":2982,"href":"https:\/\/www.emsplace.eu\/en\/wp-json\/wp\/v2\/pages\/2229\/revisions\/2982"}],"wp:attachment":[{"href":"https:\/\/www.emsplace.eu\/en\/wp-json\/wp\/v2\/media?parent=2229"}],"curies":[{"name":"wp","href":"https:\/\/api.w.org\/{rel}","templated":true}]}}